{"id":5101,"date":"2020-09-22T21:20:06","date_gmt":"2020-09-22T21:20:06","guid":{"rendered":"https:\/\/showroom.lesgambettes.fr\/?page_id=5101"},"modified":"2024-09-02T15:45:29","modified_gmt":"2024-09-02T14:45:29","slug":"creche","status":"publish","type":"page","link":"https:\/\/showroom.lesgambettes.fr\/?page_id=5101","title":{"rendered":"Creche"},"content":{"rendered":"\t\t<div data-elementor-type=\"wp-page\" data-elementor-id=\"5101\" class=\"elementor elementor-5101\" data-elementor-settings=\"[]\">\n\t\t\t<div class=\"elementor-inner\">\n\t\t\t\t<div class=\"elementor-section-wrap\">\n\t\t\t\t\t\t\t<section class=\"elementor-element elementor-element-8d8f3a5 elementor-section-stretched elementor-section-boxed elementor-section-height-default elementor-section-height-default elementor-section elementor-top-section\" data-id=\"8d8f3a5\" data-element_type=\"section\" data-settings=\"{&quot;stretch_section&quot;:&quot;section-stretched&quot;}\">\n\t\t\t\t\t\t<div class=\"elementor-container elementor-column-gap-default\">\n\t\t\t\t<div class=\"elementor-row\">\n\t\t\t\t<div class=\"elementor-element elementor-element-a98aac0 elementor-column elementor-col-33 elementor-top-column\" data-id=\"a98aac0\" data-element_type=\"column\">\n\t\t\t<div class=\"elementor-column-wrap\">\n\t\t\t\t\t<div class=\"elementor-widget-wrap\">\n\t\t\t\t\t\t<\/div>\n\t\t\t<\/div>\n\t\t<\/div>\n\t\t\t\t<div class=\"elementor-element elementor-element-7f2bf9d elementor-column elementor-col-33 elementor-top-column\" data-id=\"7f2bf9d\" data-element_type=\"column\">\n\t\t\t<div class=\"elementor-column-wrap  elementor-element-populated\">\n\t\t\t\t\t<div class=\"elementor-widget-wrap\">\n\t\t\t\t<div class=\"elementor-element elementor-element-2753a40 elementor-widget elementor-widget-image\" data-id=\"2753a40\" data-element_type=\"widget\" data-widget_type=\"image.default\">\n\t\t\t\t<div class=\"elementor-widget-container\">\n\t\t\t        <div class=\"elementor-image\">\n                                            <a href=\"?page_id=4607\" data-elementor-open-lightbox=\"\">\n                                        <img decoding=\"async\" src=\"https:\/\/showroom.lesgambettes.fr\/wp-content\/uploads\/2024\/09\/SHOWROOM-360\u00b0-BANDEAU.png\" title=\"SHOWROOM 360\u00b0 &#8211; BANDEAU\" alt=\"SHOWROOM 360\u00b0 - BANDEAU\" \/>                                    <\/a>\n                                                    <\/div>\n        \t\t<\/div>\n\t\t\t\t<\/div>\n\t\t\t\t\t\t<\/div>\n\t\t\t<\/div>\n\t\t<\/div>\n\t\t\t\t<div class=\"elementor-element elementor-element-63b7402 elementor-column elementor-col-33 elementor-top-column\" data-id=\"63b7402\" data-element_type=\"column\">\n\t\t\t<div class=\"elementor-column-wrap  elementor-element-populated\">\n\t\t\t\t\t<div class=\"elementor-widget-wrap\">\n\t\t\t\t<div class=\"elementor-element elementor-element-95c1128 elementor-widget elementor-widget-wp-widget-text\" data-id=\"95c1128\" data-element_type=\"widget\" id=\"eshop\" data-widget_type=\"wp-widget-text.default\">\n\t\t\t\t<div class=\"elementor-widget-container\">\n\t\t\t\t\t\t<div class=\"textwidget\"><p><a href=\"https:\/\/www.lesgambettes.fr\/\">Retour \u00e0 l&rsquo;Eshop<\/a><\/p>\n<\/div>\n\t\t\t\t<\/div>\n\t\t\t\t<\/div>\n\t\t\t\t\t\t<\/div>\n\t\t\t<\/div>\n\t\t<\/div>\n\t\t\t\t\t\t<\/div>\n\t\t\t<\/div>\n\t\t<\/section>\n\t\t\t\t<section class=\"elementor-element elementor-element-6bf7ca6 elementor-section-stretched elementor-section-full_width elementor-section-height-default elementor-section-height-default elementor-section elementor-top-section\" data-id=\"6bf7ca6\" data-element_type=\"section\" data-settings=\"{&quot;stretch_section&quot;:&quot;section-stretched&quot;}\">\n\t\t\t\t\t\t<div class=\"elementor-container elementor-column-gap-default\">\n\t\t\t\t<div class=\"elementor-row\">\n\t\t\t\t<div class=\"elementor-element elementor-element-91f4519 elementor-column elementor-col-100 elementor-top-column\" data-id=\"91f4519\" data-element_type=\"column\">\n\t\t\t<div class=\"elementor-column-wrap  elementor-element-populated\">\n\t\t\t\t\t<div class=\"elementor-widget-wrap\">\n\t\t\t\t<div class=\"elementor-element elementor-element-5b55f20 elementor-widget elementor-widget-text-editor\" data-id=\"5b55f20\" data-element_type=\"widget\" data-widget_type=\"text-editor.default\">\n\t\t\t\t<div class=\"elementor-widget-container\">\n\t\t\t\t\t<div class=\"elementor-text-editor elementor-clearfix\"><p style=\"text-align: center; font-size: 18px;\"><strong>Baladez-vous dans l\u2019univers Ecole \u00e0  <span style=\"font-family: Freeland; font-size: 18px;\">360\u00b0<\/span> <\/p><\/div>\n\t\t\t\t<\/div>\n\t\t\t\t<\/div>\n\t\t\t\t\t\t<\/div>\n\t\t\t<\/div>\n\t\t<\/div>\n\t\t\t\t\t\t<\/div>\n\t\t\t<\/div>\n\t\t<\/section>\n\t\t\t\t<section class=\"elementor-element elementor-element-28ea184 elementor-section-stretched elementor-section-boxed elementor-section-height-default elementor-section-height-default elementor-section elementor-top-section\" data-id=\"28ea184\" data-element_type=\"section\" data-settings=\"{&quot;stretch_section&quot;:&quot;section-stretched&quot;}\">\n\t\t\t\t\t\t<div class=\"elementor-container elementor-column-gap-default\">\n\t\t\t\t<div class=\"elementor-row\">\n\t\t\t\t<div class=\"elementor-element elementor-element-fb46c74 elementor-column elementor-col-100 elementor-top-column\" data-id=\"fb46c74\" data-element_type=\"column\">\n\t\t\t<div class=\"elementor-column-wrap  elementor-element-populated\">\n\t\t\t\t\t<div class=\"elementor-widget-wrap\">\n\t\t\t\t<div class=\"elementor-element elementor-element-2b6b7e7 elementor-widget elementor-widget-text-editor\" data-id=\"2b6b7e7\" data-element_type=\"widget\" data-widget_type=\"text-editor.default\">\n\t\t\t\t<div class=\"elementor-widget-container\">\n\t\t\t\t\t<div class=\"elementor-text-editor elementor-clearfix\"><p style=\"font-size: 18px; text-align: center;\">Cette exp\u00e9rience vous permettra de d\u00e9couvrir nos produits dans les diff\u00e9rents espaces de\nl&rsquo;\u00e9cole :<\/br>\nla cr\u00e8che, la maternelle et l\u2019\u00e9cole primaire.<\/p><\/div>\n\t\t\t\t<\/div>\n\t\t\t\t<\/div>\n\t\t\t\t<section class=\"elementor-element elementor-element-a060511 elementor-section-boxed elementor-section-height-default elementor-section-height-default elementor-section elementor-inner-section\" data-id=\"a060511\" data-element_type=\"section\">\n\t\t\t\t\t\t<div class=\"elementor-container elementor-column-gap-default\">\n\t\t\t\t<div class=\"elementor-row\">\n\t\t\t\t<div class=\"elementor-element elementor-element-a4ee4b7 elementor-column elementor-col-33 elementor-inner-column\" data-id=\"a4ee4b7\" data-element_type=\"column\">\n\t\t\t<div class=\"elementor-column-wrap  elementor-element-populated\">\n\t\t\t\t\t<div class=\"elementor-widget-wrap\">\n\t\t\t\t<div class=\"elementor-element elementor-element-61c4503 elementor-view-default elementor-position-top elementor-vertical-align-top elementor-widget elementor-widget-image-box\" data-id=\"61c4503\" data-element_type=\"widget\" data-widget_type=\"image-box.default\">\n\t\t\t\t<div class=\"elementor-widget-container\">\n\t\t\t<div class=\"elementor-image-box-wrapper\"><div class=\"elementor-image-framed\"><figure class=\"elementor-image-box-img\"><img loading=\"lazy\" decoding=\"async\" width=\"138\" height=\"133\" src=\"https:\/\/showroom.lesgambettes.fr\/wp-content\/uploads\/2020\/09\/one.jpg\" class=\"attachment-full size-full wp-post-image\" alt=\"\" \/><\/figure><\/div><div class=\"elementor-image-box-content\"><p class=\"elementor-image-box-description\">Plongez-vous dans\nl\u2019univers<\/p><\/div><\/div>\t\t<\/div>\n\t\t\t\t<\/div>\n\t\t\t\t\t\t<\/div>\n\t\t\t<\/div>\n\t\t<\/div>\n\t\t\t\t<div class=\"elementor-element elementor-element-652160c elementor-column elementor-col-33 elementor-inner-column\" data-id=\"652160c\" data-element_type=\"column\">\n\t\t\t<div class=\"elementor-column-wrap  elementor-element-populated\">\n\t\t\t\t\t<div class=\"elementor-widget-wrap\">\n\t\t\t\t<div class=\"elementor-element elementor-element-cf42f16 elementor-view-default elementor-position-top elementor-vertical-align-top elementor-widget elementor-widget-image-box\" data-id=\"cf42f16\" data-element_type=\"widget\" data-widget_type=\"image-box.default\">\n\t\t\t\t<div class=\"elementor-widget-container\">\n\t\t\t<div class=\"elementor-image-box-wrapper\"><div class=\"elementor-image-framed\"><figure class=\"elementor-image-box-img\"><img loading=\"lazy\" decoding=\"async\" width=\"139\" height=\"132\" src=\"https:\/\/showroom.lesgambettes.fr\/wp-content\/uploads\/2020\/09\/two.jpg\" class=\"attachment-full size-full wp-post-image\" alt=\"\" \/><\/figure><\/div><div class=\"elementor-image-box-content\"><p class=\"elementor-image-box-description\">D\u00e9couvrez les derni\u00e8res collections<\/p><\/div><\/div>\t\t<\/div>\n\t\t\t\t<\/div>\n\t\t\t\t\t\t<\/div>\n\t\t\t<\/div>\n\t\t<\/div>\n\t\t\t\t<div class=\"elementor-element elementor-element-abeddce elementor-column elementor-col-33 elementor-inner-column\" data-id=\"abeddce\" data-element_type=\"column\">\n\t\t\t<div class=\"elementor-column-wrap  elementor-element-populated\">\n\t\t\t\t\t<div class=\"elementor-widget-wrap\">\n\t\t\t\t<div class=\"elementor-element elementor-element-dc937c0 elementor-view-default elementor-position-top elementor-vertical-align-top elementor-widget elementor-widget-image-box\" data-id=\"dc937c0\" data-element_type=\"widget\" data-widget_type=\"image-box.default\">\n\t\t\t\t<div class=\"elementor-widget-container\">\n\t\t\t<div class=\"elementor-image-box-wrapper\"><div class=\"elementor-image-framed\"><figure class=\"elementor-image-box-img\"><img loading=\"lazy\" decoding=\"async\" width=\"137\" height=\"131\" src=\"https:\/\/showroom.lesgambettes.fr\/wp-content\/uploads\/2020\/09\/three.jpg\" class=\"attachment-full size-full wp-post-image\" alt=\"\" \/><\/figure><\/div><div class=\"elementor-image-box-content\"><p class=\"elementor-image-box-description\">Parlez-nous de votre\nprojet pour recevoir un\ndevis personnalis\u00e9<\/p><\/div><\/div>\t\t<\/div>\n\t\t\t\t<\/div>\n\t\t\t\t\t\t<\/div>\n\t\t\t<\/div>\n\t\t<\/div>\n\t\t\t\t\t\t<\/div>\n\t\t\t<\/div>\n\t\t<\/section>\n\t\t\t\t\t\t<\/div>\n\t\t\t<\/div>\n\t\t<\/div>\n\t\t\t\t\t\t<\/div>\n\t\t\t<\/div>\n\t\t<\/section>\n\t\t\t\t<section class=\"elementor-element elementor-element-7a10ea9 elementor-section-stretched elementor-section-full_width elementor-section-content-top elementor-section-height-default elementor-section-height-default elementor-section elementor-top-section\" data-id=\"7a10ea9\" data-element_type=\"section\" data-settings=\"{&quot;stretch_section&quot;:&quot;section-stretched&quot;}\">\n\t\t\t\t\t\t<div class=\"elementor-container elementor-column-gap-default\">\n\t\t\t\t<div class=\"elementor-row\">\n\t\t\t\t<div class=\"elementor-element elementor-element-155a3e7 elementor-column elementor-col-100 elementor-top-column\" data-id=\"155a3e7\" data-element_type=\"column\">\n\t\t\t<div class=\"elementor-column-wrap  elementor-element-populated\">\n\t\t\t\t\t<div class=\"elementor-widget-wrap\">\n\t\t\t\t<div class=\"elementor-element elementor-element-c47e5e0 elementor-widget elementor-widget-text-editor\" data-id=\"c47e5e0\" data-element_type=\"widget\" data-widget_type=\"text-editor.default\">\n\t\t\t\t<div class=\"elementor-widget-container\">\n\t\t\t\t\t<div class=\"elementor-text-editor elementor-clearfix\"><p><span style=\"color: #000000;\"><span style=\"font-size: 28px;\">E<\/span><span style=\"font-size: 18px;\">COLE | SCHOOL<\/span><\/span><\/p><\/div>\n\t\t\t\t<\/div>\n\t\t\t\t<\/div>\n\t\t\t\t<div class=\"elementor-element elementor-element-960a2df elementor-widget elementor-widget-shortcode\" data-id=\"960a2df\" data-element_type=\"widget\" data-widget_type=\"shortcode.default\">\n\t\t\t\t<div class=\"elementor-widget-container\">\n\t\t\t\t\t<div class=\"elementor-shortcode\"><!-- ipanorama begin -->\n<div class=\"ipanorama ipnrm-6\"data-json-src=\"https:\/\/showroom.lesgambettes.fr\/wp-content\/uploads\/ipanorama\/6\/config.json?ver=1732610212\" data-item-id=\"6\" style=\"display:none;\">\n<div class=\"ipnrm-store\">\n<div class=\"ipnrm-scene\" data-scene-id=\"129ecadc\">\n<div class=\"ipnrm-markers-data\">\n<div class=\"ipnrm-data\" data-marker-id=\"fbfdb01d\">\n<div class=\"ipnrm-tag\">\n<div class=\"ipnrm-lbl\">\n<div class=\"ipnrm-ico\"><i class=\"fa fa-circle\"><\/i><\/div>\n<\/div>\n<\/div>\n<\/div>\n<div class=\"ipnrm-data\" data-marker-id=\"c63a9441\">\n<div class=\"ipnrm-tag\">\n<div class=\"ipnrm-lbl\">\n<div class=\"ipnrm-ico\"><i class=\"fa fa-circle\"><\/i><\/div>\n<\/div>\n<\/div>\n<\/div>\n<div class=\"ipnrm-data\" data-marker-id=\"9a47330c\">\n<div class=\"ipnrm-tag\">\n<div class=\"ipnrm-lbl\">\n<div class=\"ipnrm-ico\"><i class=\"fa fa-circle\"><\/i><\/div>\n<\/div>\n<\/div>\n<\/div>\n<\/div>\n<div class=\"ipnrm-tooltips-data\">\n<div class=\"ipnrm-data\" data-marker-id=\"fbfdb01d\">\n<p>Primaire\/Primary school<\/p><\/div>\n<div class=\"ipnrm-data\" data-marker-id=\"c63a9441\">\n<p>Maternelle\/Elementary school<\/p><\/div>\n<div class=\"ipnrm-data\" data-marker-id=\"9a47330c\">\n<p>Cr\u00e8che\/Nursery<\/p><\/div>\n<\/div>\n<div class=\"ipnrm-popovers-data\">\n<div class=\"ipnrm-data\" data-marker-id=\"fbfdb01d\">\n<\/div>\n<div class=\"ipnrm-data\" data-marker-id=\"c63a9441\">\n<\/div>\n<div class=\"ipnrm-data\" data-marker-id=\"9a47330c\">\n<\/div>\n<\/div>\n<\/div>\n<\/div>\n<\/div>\n<!-- ipanorama end -->\n<\/div>\n\t\t\t\t<\/div>\n\t\t\t\t<\/div>\n\t\t\t\t\t\t<\/div>\n\t\t\t<\/div>\n\t\t<\/div>\n\t\t\t\t\t\t<\/div>\n\t\t\t<\/div>\n\t\t<\/section>\n\t\t\t\t<section class=\"elementor-element elementor-element-70b8dd8 elementor-section-stretched elementor-section-boxed elementor-section-height-default elementor-section-height-default elementor-section elementor-top-section\" data-id=\"70b8dd8\" data-element_type=\"section\" data-settings=\"{&quot;stretch_section&quot;:&quot;section-stretched&quot;}\">\n\t\t\t\t\t\t<div class=\"elementor-container elementor-column-gap-default\">\n\t\t\t\t<div class=\"elementor-row\">\n\t\t\t\t<div class=\"elementor-element elementor-element-54ed14d elementor-column elementor-col-25 elementor-top-column\" data-id=\"54ed14d\" data-element_type=\"column\">\n\t\t\t<div class=\"elementor-column-wrap  elementor-element-populated\">\n\t\t\t\t\t<div class=\"elementor-widget-wrap\">\n\t\t\t\t<div class=\"elementor-element elementor-element-af37848 elementor-widget elementor-widget-image\" data-id=\"af37848\" data-element_type=\"widget\" data-widget_type=\"image.default\">\n\t\t\t\t<div class=\"elementor-widget-container\">\n\t\t\t        <div class=\"elementor-image\">\n                                            <a href=\"?page_id=5081\" data-elementor-open-lightbox=\"\">\n                                        <img loading=\"lazy\" decoding=\"async\" width=\"1890\" height=\"1890\" src=\"https:\/\/showroom.lesgambettes.fr\/wp-content\/uploads\/2024\/09\/espace-tertiaire-miniature.png\" class=\"attachment-large size-large wp-post-image\" alt=\"\" srcset=\"https:\/\/showroom.lesgambettes.fr\/wp-content\/uploads\/2024\/09\/espace-tertiaire-miniature.png 1890w, https:\/\/showroom.lesgambettes.fr\/wp-content\/uploads\/2024\/09\/espace-tertiaire-miniature-768x768.png 768w, https:\/\/showroom.lesgambettes.fr\/wp-content\/uploads\/2024\/09\/espace-tertiaire-miniature-1536x1536.png 1536w, https:\/\/showroom.lesgambettes.fr\/wp-content\/uploads\/2024\/09\/espace-tertiaire-miniature-400x400.png 400w, https:\/\/showroom.lesgambettes.fr\/wp-content\/uploads\/2024\/09\/espace-tertiaire-miniature-100x100.png 100w, https:\/\/showroom.lesgambettes.fr\/wp-content\/uploads\/2024\/09\/espace-tertiaire-miniature-300x300.png 300w, https:\/\/showroom.lesgambettes.fr\/wp-content\/uploads\/2024\/09\/espace-tertiaire-miniature-600x600.png 600w\" sizes=\"auto, (max-width: 1890px) 100vw, 1890px\" \/>                                    <\/a>\n                                                    <\/div>\n        \t\t<\/div>\n\t\t\t\t<\/div>\n\t\t\t\t\t\t<\/div>\n\t\t\t<\/div>\n\t\t<\/div>\n\t\t\t\t<div class=\"elementor-element elementor-element-7b455cb elementor-column elementor-col-25 elementor-top-column\" data-id=\"7b455cb\" data-element_type=\"column\">\n\t\t\t<div class=\"elementor-column-wrap  elementor-element-populated\">\n\t\t\t\t\t<div class=\"elementor-widget-wrap\">\n\t\t\t\t<div class=\"elementor-element elementor-element-a03d228 elementor-widget elementor-widget-image\" data-id=\"a03d228\" data-element_type=\"widget\" data-widget_type=\"image.default\">\n\t\t\t\t<div class=\"elementor-widget-container\">\n\t\t\t        <div class=\"elementor-image\">\n                                            <a href=\"?page_id=5097\" data-elementor-open-lightbox=\"\">\n                                        <img loading=\"lazy\" decoding=\"async\" width=\"1890\" height=\"1890\" src=\"https:\/\/showroom.lesgambettes.fr\/wp-content\/uploads\/2024\/09\/restaurant-miniature.png\" class=\"attachment-large size-large wp-post-image\" alt=\"\" srcset=\"https:\/\/showroom.lesgambettes.fr\/wp-content\/uploads\/2024\/09\/restaurant-miniature.png 1890w, https:\/\/showroom.lesgambettes.fr\/wp-content\/uploads\/2024\/09\/restaurant-miniature-768x768.png 768w, https:\/\/showroom.lesgambettes.fr\/wp-content\/uploads\/2024\/09\/restaurant-miniature-1536x1536.png 1536w, https:\/\/showroom.lesgambettes.fr\/wp-content\/uploads\/2024\/09\/restaurant-miniature-400x400.png 400w, https:\/\/showroom.lesgambettes.fr\/wp-content\/uploads\/2024\/09\/restaurant-miniature-100x100.png 100w, https:\/\/showroom.lesgambettes.fr\/wp-content\/uploads\/2024\/09\/restaurant-miniature-300x300.png 300w, https:\/\/showroom.lesgambettes.fr\/wp-content\/uploads\/2024\/09\/restaurant-miniature-600x600.png 600w\" sizes=\"auto, (max-width: 1890px) 100vw, 1890px\" \/>                                    <\/a>\n                                                    <\/div>\n        \t\t<\/div>\n\t\t\t\t<\/div>\n\t\t\t\t\t\t<\/div>\n\t\t\t<\/div>\n\t\t<\/div>\n\t\t\t\t<div class=\"elementor-element elementor-element-be501aa elementor-column elementor-col-25 elementor-top-column\" data-id=\"be501aa\" data-element_type=\"column\">\n\t\t\t<div class=\"elementor-column-wrap  elementor-element-populated\">\n\t\t\t\t\t<div class=\"elementor-widget-wrap\">\n\t\t\t\t<div class=\"elementor-element elementor-element-4ad0948 elementor-widget elementor-widget-image\" data-id=\"4ad0948\" data-element_type=\"widget\" data-widget_type=\"image.default\">\n\t\t\t\t<div class=\"elementor-widget-container\">\n\t\t\t        <div class=\"elementor-image\">\n                                            <a href=\"?page_id=5103\" data-elementor-open-lightbox=\"\">\n                                        <img loading=\"lazy\" decoding=\"async\" width=\"1890\" height=\"1890\" src=\"https:\/\/showroom.lesgambettes.fr\/wp-content\/uploads\/2024\/09\/hotel-miniature.png\" class=\"attachment-large size-large wp-post-image\" alt=\"\" srcset=\"https:\/\/showroom.lesgambettes.fr\/wp-content\/uploads\/2024\/09\/hotel-miniature.png 1890w, https:\/\/showroom.lesgambettes.fr\/wp-content\/uploads\/2024\/09\/hotel-miniature-768x768.png 768w, https:\/\/showroom.lesgambettes.fr\/wp-content\/uploads\/2024\/09\/hotel-miniature-1536x1536.png 1536w, https:\/\/showroom.lesgambettes.fr\/wp-content\/uploads\/2024\/09\/hotel-miniature-400x400.png 400w, https:\/\/showroom.lesgambettes.fr\/wp-content\/uploads\/2024\/09\/hotel-miniature-100x100.png 100w, https:\/\/showroom.lesgambettes.fr\/wp-content\/uploads\/2024\/09\/hotel-miniature-300x300.png 300w, https:\/\/showroom.lesgambettes.fr\/wp-content\/uploads\/2024\/09\/hotel-miniature-600x600.png 600w\" sizes=\"auto, (max-width: 1890px) 100vw, 1890px\" \/>                                    <\/a>\n                                                    <\/div>\n        \t\t<\/div>\n\t\t\t\t<\/div>\n\t\t\t\t\t\t<\/div>\n\t\t\t<\/div>\n\t\t<\/div>\n\t\t\t\t<div class=\"elementor-element elementor-element-9469bb7 elementor-column elementor-col-25 elementor-top-column\" data-id=\"9469bb7\" data-element_type=\"column\">\n\t\t\t<div class=\"elementor-column-wrap  elementor-element-populated\">\n\t\t\t\t\t<div class=\"elementor-widget-wrap\">\n\t\t\t\t<div class=\"elementor-element elementor-element-8ba314c elementor-widget elementor-widget-image\" data-id=\"8ba314c\" data-element_type=\"widget\" data-widget_type=\"image.default\">\n\t\t\t\t<div class=\"elementor-widget-container\">\n\t\t\t        <div class=\"elementor-image\">\n                                            <a href=\"?page_id=4892\" data-elementor-open-lightbox=\"\">\n                                        <img loading=\"lazy\" decoding=\"async\" width=\"1890\" height=\"1890\" src=\"https:\/\/showroom.lesgambettes.fr\/wp-content\/uploads\/2024\/09\/maison-miniature.png\" class=\"attachment-large size-large wp-post-image\" alt=\"\" srcset=\"https:\/\/showroom.lesgambettes.fr\/wp-content\/uploads\/2024\/09\/maison-miniature.png 1890w, https:\/\/showroom.lesgambettes.fr\/wp-content\/uploads\/2024\/09\/maison-miniature-768x768.png 768w, https:\/\/showroom.lesgambettes.fr\/wp-content\/uploads\/2024\/09\/maison-miniature-1536x1536.png 1536w, https:\/\/showroom.lesgambettes.fr\/wp-content\/uploads\/2024\/09\/maison-miniature-400x400.png 400w, https:\/\/showroom.lesgambettes.fr\/wp-content\/uploads\/2024\/09\/maison-miniature-100x100.png 100w, https:\/\/showroom.lesgambettes.fr\/wp-content\/uploads\/2024\/09\/maison-miniature-300x300.png 300w, https:\/\/showroom.lesgambettes.fr\/wp-content\/uploads\/2024\/09\/maison-miniature-600x600.png 600w\" sizes=\"auto, (max-width: 1890px) 100vw, 1890px\" \/>                                    <\/a>\n                                                    <\/div>\n        \t\t<\/div>\n\t\t\t\t<\/div>\n\t\t\t\t\t\t<\/div>\n\t\t\t<\/div>\n\t\t<\/div>\n\t\t\t\t\t\t<\/div>\n\t\t\t<\/div>\n\t\t<\/section>\n\t\t\t\t\t\t<\/div>\n\t\t\t<\/div>\n\t\t<\/div>\n\t\t","protected":false},"excerpt":{"rendered":"<p>Baladez-vous dans l\u2019univers Ecole \u00e0 360\u00b0 Cette exp\u00e9rience vous permettra de d\u00e9couvrir nos produits dans les diff\u00e9rents espaces de l&rsquo;\u00e9cole : la cr\u00e8che, la maternelle et l\u2019\u00e9cole primaire. Plongez-vous dans l\u2019univers D\u00e9couvrez les derni\u00e8res collections Parlez-nous de votre projet pour recevoir un devis personnalis\u00e9 ECOLE | SCHOOL<\/p>\n","protected":false},"author":1,"featured_media":0,"parent":0,"menu_order":0,"comment_status":"closed","ping_status":"closed","template":"","meta":{"footnotes":""},"class_list":["post-5101","page","type-page","status-publish","hentry"],"_links":{"self":[{"href":"https:\/\/showroom.lesgambettes.fr\/index.php?rest_route=\/wp\/v2\/pages\/5101","targetHints":{"allow":["GET"]}}],"collection":[{"href":"https:\/\/showroom.lesgambettes.fr\/index.php?rest_route=\/wp\/v2\/pages"}],"about":[{"href":"https:\/\/showroom.lesgambettes.fr\/index.php?rest_route=\/wp\/v2\/types\/page"}],"author":[{"embeddable":true,"href":"https:\/\/showroom.lesgambettes.fr\/index.php?rest_route=\/wp\/v2\/users\/1"}],"replies":[{"embeddable":true,"href":"https:\/\/showroom.lesgambettes.fr\/index.php?rest_route=%2Fwp%2Fv2%2Fcomments&post=5101"}],"version-history":[{"count":23,"href":"https:\/\/showroom.lesgambettes.fr\/index.php?rest_route=\/wp\/v2\/pages\/5101\/revisions"}],"predecessor-version":[{"id":5372,"href":"https:\/\/showroom.lesgambettes.fr\/index.php?rest_route=\/wp\/v2\/pages\/5101\/revisions\/5372"}],"wp:attachment":[{"href":"https:\/\/showroom.lesgambettes.fr\/index.php?rest_route=%2Fwp%2Fv2%2Fmedia&parent=5101"}],"curies":[{"name":"wp","href":"https:\/\/api.w.org\/{rel}","templated":true}]}}