{"id":4607,"date":"2019-08-14T03:20:04","date_gmt":"2019-08-14T03:20:04","guid":{"rendered":"http:\/\/source.wpopal.com\/auros\/?page_id=4607"},"modified":"2024-09-02T15:40:36","modified_gmt":"2024-09-02T14:40:36","slug":"elementor-4607","status":"publish","type":"page","link":"https:\/\/showroom.lesgambettes.fr\/","title":{"rendered":"Village1"},"content":{"rendered":"\t\t<div data-elementor-type=\"wp-post\" data-elementor-id=\"4607\" class=\"elementor elementor-4607\" data-elementor-settings=\"[]\">\n\t\t\t<div class=\"elementor-inner\">\n\t\t\t\t<div class=\"elementor-section-wrap\">\n\t\t\t\t\t\t\t<section class=\"elementor-element elementor-element-023e015 elementor-section-stretched elementor-reverse-mobile elementor-section-boxed elementor-section-height-default elementor-section-height-default elementor-section elementor-top-section\" data-id=\"023e015\" data-element_type=\"section\" data-settings=\"{&quot;stretch_section&quot;:&quot;section-stretched&quot;}\">\n\t\t\t\t\t\t<div class=\"elementor-container elementor-column-gap-default\">\n\t\t\t\t<div class=\"elementor-row\">\n\t\t\t\t<div class=\"elementor-element elementor-element-4eed19f elementor-column elementor-col-33 elementor-top-column\" data-id=\"4eed19f\" data-element_type=\"column\">\n\t\t\t<div class=\"elementor-column-wrap\">\n\t\t\t\t\t<div class=\"elementor-widget-wrap\">\n\t\t\t\t\t\t<\/div>\n\t\t\t<\/div>\n\t\t<\/div>\n\t\t\t\t<div class=\"elementor-element elementor-element-229b2a4 elementor-column elementor-col-33 elementor-top-column\" data-id=\"229b2a4\" data-element_type=\"column\">\n\t\t\t<div class=\"elementor-column-wrap  elementor-element-populated\">\n\t\t\t\t\t<div class=\"elementor-widget-wrap\">\n\t\t\t\t<div class=\"elementor-element elementor-element-54e3aa3 elementor-widget elementor-widget-image\" data-id=\"54e3aa3\" data-element_type=\"widget\" data-widget_type=\"image.default\">\n\t\t\t\t<div class=\"elementor-widget-container\">\n\t\t\t        <div class=\"elementor-image\">\n                                            <a href=\"\/\" data-elementor-open-lightbox=\"\">\n                                        <img decoding=\"async\" src=\"https:\/\/showroom.lesgambettes.fr\/wp-content\/uploads\/elementor\/thumbs\/SHOWROOM-360\u00b0-BANDEAU-qtiqklx5pwunnwiem8qhyeehcduohc7tdp4gj5sktu.png\" title=\"SHOWROOM 360\u00b0 &#8211; BANDEAU\" alt=\"SHOWROOM 360\u00b0 - BANDEAU\" \/>                                    <\/a>\n                                                    <\/div>\n        \t\t<\/div>\n\t\t\t\t<\/div>\n\t\t\t\t\t\t<\/div>\n\t\t\t<\/div>\n\t\t<\/div>\n\t\t\t\t<div class=\"elementor-element elementor-element-5ca889c elementor-column elementor-col-33 elementor-top-column\" data-id=\"5ca889c\" data-element_type=\"column\">\n\t\t\t<div class=\"elementor-column-wrap  elementor-element-populated\">\n\t\t\t\t\t<div class=\"elementor-widget-wrap\">\n\t\t\t\t<div class=\"elementor-element elementor-element-4fa821c elementor-widget elementor-widget-wp-widget-text\" data-id=\"4fa821c\" data-element_type=\"widget\" id=\"eshop\" data-widget_type=\"wp-widget-text.default\">\n\t\t\t\t<div class=\"elementor-widget-container\">\n\t\t\t\t\t\t<div class=\"textwidget\"><p><a href=\"https:\/\/www.lesgambettes.fr\/\">Retour \u00e0 l&rsquo;Eshop<\/a><\/p>\n<\/div>\n\t\t\t\t<\/div>\n\t\t\t\t<\/div>\n\t\t\t\t\t\t<\/div>\n\t\t\t<\/div>\n\t\t<\/div>\n\t\t\t\t\t\t<\/div>\n\t\t\t<\/div>\n\t\t<\/section>\n\t\t\t\t<section class=\"elementor-element elementor-element-03f8ecc elementor-section-boxed elementor-section-height-default elementor-section-height-default elementor-section elementor-top-section\" data-id=\"03f8ecc\" data-element_type=\"section\">\n\t\t\t\t\t\t<div class=\"elementor-container elementor-column-gap-default\">\n\t\t\t\t<div class=\"elementor-row\">\n\t\t\t\t<div class=\"elementor-element elementor-element-3619f18 elementor-column elementor-col-100 elementor-top-column\" data-id=\"3619f18\" data-element_type=\"column\">\n\t\t\t<div class=\"elementor-column-wrap  elementor-element-populated\">\n\t\t\t\t\t<div class=\"elementor-widget-wrap\">\n\t\t\t\t<div class=\"elementor-element elementor-element-d4ea0d2 elementor-widget elementor-widget-text-editor\" data-id=\"d4ea0d2\" data-element_type=\"widget\" data-widget_type=\"text-editor.default\">\n\t\t\t\t<div class=\"elementor-widget-container\">\n\t\t\t\t\t<div class=\"elementor-text-editor elementor-clearfix\"><h2 style=\"text-align: center;\">BIENVENUE DANS LE SHOWROOM <span style=\"font-family: Freeland; font-size: 30px;\">360\u00b0<\/span> LES GAMBETTES<\/h2>\n<p style=\"text-align: justify; font-size: 18px;\">Cette exp\u00e9rience vous permettra de visiter \u00e0 <span style=\"font-family: Freeland; font-size: 22px;\">360\u00b0<\/span> diff\u00e9rents espaces de vie enti\u00e8rement design\u00e9s par Les Gambettes et de d\u00e9couvrir notre nouvelle collection de chaises, tables et accessoires de d\u00e9coration.\nLaissez-vous immerger par cette nouvelle dimension et vos r\u00e9flexions sur vos projets prendront du sens!<\/p><\/div>\n\t\t\t\t<\/div>\n\t\t\t\t<\/div>\n\t\t\t\t\t\t<\/div>\n\t\t\t<\/div>\n\t\t<\/div>\n\t\t\t\t\t\t<\/div>\n\t\t\t<\/div>\n\t\t<\/section>\n\t\t\t\t<section class=\"elementor-element elementor-element-a3d603e elementor-section-stretched elementor-section-boxed elementor-section-height-default elementor-section-height-default elementor-section elementor-top-section\" data-id=\"a3d603e\" data-element_type=\"section\" data-settings=\"{&quot;stretch_section&quot;:&quot;section-stretched&quot;}\">\n\t\t\t\t\t\t<div class=\"elementor-container elementor-column-gap-default\">\n\t\t\t\t<div class=\"elementor-row\">\n\t\t\t\t<div class=\"elementor-element elementor-element-205f189 elementor-column elementor-col-100 elementor-top-column\" data-id=\"205f189\" data-element_type=\"column\">\n\t\t\t<div class=\"elementor-column-wrap  elementor-element-populated\">\n\t\t\t\t\t<div class=\"elementor-widget-wrap\">\n\t\t\t\t<div class=\"elementor-element elementor-element-f72be70 elementor-widget elementor-widget-jet-hotspots\" data-id=\"f72be70\" data-element_type=\"widget\" data-widget_type=\"jet-hotspots.default\">\n\t\t\t\t<div class=\"elementor-widget-container\">\n\t\t\t\t\t<div class=\"jet-hotspots jet-hotspots__hotspots-none-animation\" data-settings=\"{&quot;tooltipPlacement&quot;:&quot;top&quot;,&quot;tooltipArrow&quot;:true,&quot;tooltipArrowType&quot;:&quot;sharp&quot;,&quot;tooltipArrowSize&quot;:&quot;scale(1)&quot;,&quot;tooltipTrigger&quot;:&quot;mouseenter&quot;,&quot;tooltipShowOnInit&quot;:false,&quot;tooltipShowDuration&quot;:{&quot;unit&quot;:&quot;ms&quot;,&quot;size&quot;:500,&quot;sizes&quot;:[]},&quot;tooltipHideDuration&quot;:{&quot;unit&quot;:&quot;ms&quot;,&quot;size&quot;:300,&quot;sizes&quot;:[]},&quot;tooltipDelay&quot;:{&quot;unit&quot;:&quot;ms&quot;,&quot;size&quot;:0,&quot;sizes&quot;:[]},&quot;tooltipDistance&quot;:{&quot;unit&quot;:&quot;px&quot;,&quot;size&quot;:15,&quot;sizes&quot;:[]},&quot;tooltipAnimation&quot;:&quot;shift-toward&quot;}\">\n\t\t\t<div class=\"jet-hotspots__inner\"><img decoding=\"async\" class=\"jet-hotspots__image\" src=\"https:\/\/showroom.lesgambettes.fr\/wp-content\/uploads\/2024\/09\/Miniature-maison-lesgambettes.png\" srcset=\"https:\/\/showroom.lesgambettes.fr\/wp-content\/uploads\/2024\/09\/Miniature-maison-lesgambettes.png 5570w, https:\/\/showroom.lesgambettes.fr\/wp-content\/uploads\/2024\/09\/Miniature-maison-lesgambettes-768x512.png 768w, https:\/\/showroom.lesgambettes.fr\/wp-content\/uploads\/2024\/09\/Miniature-maison-lesgambettes-1536x1023.png 1536w, https:\/\/showroom.lesgambettes.fr\/wp-content\/uploads\/2024\/09\/Miniature-maison-lesgambettes-2048x1364.png 2048w, https:\/\/showroom.lesgambettes.fr\/wp-content\/uploads\/2024\/09\/Miniature-maison-lesgambettes-400x266.png 400w, https:\/\/showroom.lesgambettes.fr\/wp-content\/uploads\/2024\/09\/Miniature-maison-lesgambettes-600x400.png 600w\" alt=\"\">\t\t\t\t<div class=\"jet-hotspots__container\"><a id=\"jet-hotspot-2591\" class=\"jet-hotspots__item\" title=\"\" data-horizontal-position=\"33\" data-vertical-position=\"36\" href=\"https:\/\/showroom.lesgambettes.fr\/?page_id=5101\"><div class=\"jet-hotspots__item-inner\"><i class=\"fa fa-play\"><\/i><\/div><\/a><a id=\"jet-hotspot-2592\" class=\"jet-hotspots__item\" title=\"\" data-horizontal-position=\"63\" data-vertical-position=\"73\" href=\"https:\/\/showroom.lesgambettes.fr\/?page_id=4892\"><div class=\"jet-hotspots__item-inner\"><i class=\"fa fa-play\"><\/i><\/div><\/a><a id=\"jet-hotspot-2593\" class=\"jet-hotspots__item\" title=\"\" data-horizontal-position=\"50\" data-vertical-position=\"36\" href=\"https:\/\/showroom.lesgambettes.fr\/?page_id=5103\"><div class=\"jet-hotspots__item-inner\"><i class=\"fa fa-play\"><\/i><\/div><\/a><a id=\"jet-hotspot-2594\" class=\"jet-hotspots__item\" title=\"\" data-horizontal-position=\"67\" data-vertical-position=\"36\" href=\"https:\/\/showroom.lesgambettes.fr\/?page_id=5081\"><div class=\"jet-hotspots__item-inner\"><i class=\"fa fa-play\"><\/i><\/div><\/a><a id=\"jet-hotspot-2595\" class=\"jet-hotspots__item\" title=\"\" data-horizontal-position=\"36\" data-vertical-position=\"73\" href=\"https:\/\/showroom.lesgambettes.fr\/?page_id=5097\"><div class=\"jet-hotspots__item-inner\"><i class=\"fa fa-play\"><\/i><\/div><\/a>\t\t\t\t<\/div>\n\t\t\t<\/div>\n\t\t<\/div>\n\t\t\t\t<\/div>\n\t\t\t\t<\/div>\n\t\t\t\t\t\t<\/div>\n\t\t\t<\/div>\n\t\t<\/div>\n\t\t\t\t\t\t<\/div>\n\t\t\t<\/div>\n\t\t<\/section>\n\t\t\t\t\t\t<\/div>\n\t\t\t<\/div>\n\t\t<\/div>\n\t\t","protected":false},"excerpt":{"rendered":"<p>BIENVENUE DANS LE SHOWROOM 360\u00b0 LES GAMBETTES Cette exp\u00e9rience vous permettra de visiter \u00e0 360\u00b0 diff\u00e9rents espaces de vie enti\u00e8rement design\u00e9s par Les Gambettes et de d\u00e9couvrir notre nouvelle collection de chaises, tables et accessoires de d\u00e9coration. Laissez-vous immerger par cette nouvelle dimension et vos r\u00e9flexions sur vos projets prendront du sens!<\/p>\n","protected":false},"author":1,"featured_media":0,"parent":0,"menu_order":0,"comment_status":"closed","ping_status":"closed","template":"","meta":{"footnotes":""},"class_list":["post-4607","page","type-page","status-publish","hentry"],"_links":{"self":[{"href":"https:\/\/showroom.lesgambettes.fr\/index.php?rest_route=\/wp\/v2\/pages\/4607","targetHints":{"allow":["GET"]}}],"collection":[{"href":"https:\/\/showroom.lesgambettes.fr\/index.php?rest_route=\/wp\/v2\/pages"}],"about":[{"href":"https:\/\/showroom.lesgambettes.fr\/index.php?rest_route=\/wp\/v2\/types\/page"}],"author":[{"embeddable":true,"href":"https:\/\/showroom.lesgambettes.fr\/index.php?rest_route=\/wp\/v2\/users\/1"}],"replies":[{"embeddable":true,"href":"https:\/\/showroom.lesgambettes.fr\/index.php?rest_route=%2Fwp%2Fv2%2Fcomments&post=4607"}],"version-history":[{"count":67,"href":"https:\/\/showroom.lesgambettes.fr\/index.php?rest_route=\/wp\/v2\/pages\/4607\/revisions"}],"predecessor-version":[{"id":5365,"href":"https:\/\/showroom.lesgambettes.fr\/index.php?rest_route=\/wp\/v2\/pages\/4607\/revisions\/5365"}],"wp:attachment":[{"href":"https:\/\/showroom.lesgambettes.fr\/index.php?rest_route=%2Fwp%2Fv2%2Fmedia&parent=4607"}],"curies":[{"name":"wp","href":"https:\/\/api.w.org\/{rel}","templated":true}]}}